{"id":62,"date":"2011-09-27T11:41:53","date_gmt":"2011-09-27T11:41:53","guid":{"rendered":"http:\/\/sql.programisius.lt\/?page_id=62"},"modified":"2011-10-02T12:19:50","modified_gmt":"2011-10-02T12:19:50","slug":"8-lenteles-salinimas","status":"publish","type":"page","link":"http:\/\/sql.programisius.lt\/?page_id=62","title":{"rendered":"8. Lentel\u0117s \u0161alinimas"},"content":{"rendered":"<p>Lentel\u0119 kartu su visais duomenimis galima pa\u0161alinti su komanda DROP TABLE ir jos vardas. Esminis skirtumas nuo vis\u0173 \u012fra\u0161\u0173 pa\u0161alinimo yra tas, kad \u0161i komanda i\u0161trina ir informacij\u0105 apie pa\u010di\u0105 lentel\u0119.<\/p>\n<p>U\u017eklausos \u0161ablonas:<\/p>\n<blockquote><p>\u00a0<span style=\"color: #000080;\">DROP TABLE lenetl\u0117s_vardas;<\/span><\/p><\/blockquote>\n<p>Pavyzdys:<\/p>\n<blockquote><p>\u00a0<span style=\"color: #000080;\">DROP TABLE darbuotojai;<\/span><\/p><\/blockquote>\n<p><strong>Lentel\u0117s \u0161alinimo u\u017eduotys:<\/strong><\/p>\n<p>1. Pa\u0161alinkite savo darbuotoj\u0173 lentel\u0119.<br \/>\n2. Sukurkite nauj\u0105 lentel\u0119, \u012fterpkite vien\u0105 \u012fra\u0161\u0105, pakeiskite jo turin\u012f\u00a0ir pa\u0161alinkite sukurt\u0105j\u0105 lentel\u0119.<\/p>\n","protected":false},"excerpt":{"rendered":"<p>Lentel\u0119 kartu su visais duomenimis galima pa\u0161alinti su komanda DROP TABLE ir jos vardas. Esminis skirtumas nuo vis\u0173 \u012fra\u0161\u0173 pa\u0161alinimo yra tas, kad \u0161i komanda i\u0161trina ir informacij\u0105 apie pa\u010di\u0105 lentel\u0119. U\u017eklausos \u0161ablonas: \u00a0DROP TABLE lenetl\u0117s_vardas; Pavyzdys: \u00a0DROP TABLE darbuotojai; Lentel\u0117s \u0161alinimo u\u017eduotys: 1. Pa\u0161alinkite savo darbuotoj\u0173 lentel\u0119. 2. Sukurkite nauj\u0105 lentel\u0119, \u012fterpkite vien\u0105 \u012fra\u0161\u0105, [&hellip;]<\/p>\n","protected":false},"author":1,"featured_media":0,"parent":2,"menu_order":8,"comment_status":"closed","ping_status":"closed","template":"","meta":{"footnotes":""},"class_list":["post-62","page","type-page","status-publish","hentry"],"_links":{"self":[{"href":"http:\/\/sql.programisius.lt\/index.php?rest_route=\/wp\/v2\/pages\/62","targetHints":{"allow":["GET"]}}],"collection":[{"href":"http:\/\/sql.programisius.lt\/index.php?rest_route=\/wp\/v2\/pages"}],"about":[{"href":"http:\/\/sql.programisius.lt\/index.php?rest_route=\/wp\/v2\/types\/page"}],"author":[{"embeddable":true,"href":"http:\/\/sql.programisius.lt\/index.php?rest_route=\/wp\/v2\/users\/1"}],"replies":[{"embeddable":true,"href":"http:\/\/sql.programisius.lt\/index.php?rest_route=%2Fwp%2Fv2%2Fcomments&post=62"}],"version-history":[{"count":4,"href":"http:\/\/sql.programisius.lt\/index.php?rest_route=\/wp\/v2\/pages\/62\/revisions"}],"predecessor-version":[{"id":143,"href":"http:\/\/sql.programisius.lt\/index.php?rest_route=\/wp\/v2\/pages\/62\/revisions\/143"}],"up":[{"embeddable":true,"href":"http:\/\/sql.programisius.lt\/index.php?rest_route=\/wp\/v2\/pages\/2"}],"wp:attachment":[{"href":"http:\/\/sql.programisius.lt\/index.php?rest_route=%2Fwp%2Fv2%2Fmedia&parent=62"}],"curies":[{"name":"wp","href":"https:\/\/api.w.org\/{rel}","templated":true}]}}