{"id":27,"date":"2011-09-26T10:33:06","date_gmt":"2011-09-26T10:33:06","guid":{"rendered":"http:\/\/sql.programisius.lt\/?page_id=27"},"modified":"2011-09-26T10:33:06","modified_gmt":"2011-09-26T10:33:06","slug":"2-lentele","status":"publish","type":"page","link":"http:\/\/sql.programisius.lt\/?page_id=27","title":{"rendered":"2. Lentel\u0117"},"content":{"rendered":"<p>\u00a0Duomenys ar duomen\u0173 baz\u0117s informacija yra saugomi lentel\u0117se. Reliacin\u0117s duomen\u0173 baz\u0117 yra sudaryta i\u0161 vienos ar keletos lenteli\u0173. Lentel\u0117s yra atpa\u017e\u012fstamos pagal joms suteikt\u0105 vard\u0105. Jos sudarytos i\u0161 stulpeli\u0173 ir eilu\u010di\u0173. Stulpeliai turi savo vardus, kurie atskiria duomens tip\u0105. Eilut\u0117 laiko vieno duomens \u012fra\u0161\u0105.<\/p>\n<p>Lentel\u0117 &#8220;Oras&#8221;.<\/p>\n<table border=\"1\" cellspacing=\"0\" cellpadding=\"0\">\n<tbody>\n<tr>\n<td>\n<p style=\"text-align: center;\" align=\"center\"><strong>miestas<\/strong><strong><\/strong><\/p>\n<\/td>\n<td style=\"text-align: center;\">\n<p align=\"center\"><strong>apskritis<\/strong><strong><\/strong><\/p>\n<\/td>\n<td style=\"text-align: center;\">\n<p align=\"center\"><strong>didziausia<\/strong><strong><\/strong><\/p>\n<\/td>\n<td>\n<p style=\"text-align: center;\" align=\"center\"><strong>maziausia<\/strong><strong><\/strong><\/p>\n<\/td>\n<\/tr>\n<tr>\n<td>Vilnius<\/td>\n<td>Vilniaus<\/td>\n<td>105<\/td>\n<td>90<\/td>\n<\/tr>\n<tr>\n<td>Trakai<\/td>\n<td>Vilniaus<\/td>\n<td>101<\/td>\n<td>92<\/td>\n<\/tr>\n<tr>\n<td>Ma\u017eeikiai<\/td>\n<td>Tel\u0161i\u0173<\/td>\n<td>88<\/td>\n<td>69<\/td>\n<\/tr>\n<tr>\n<td>Kretinga<\/td>\n<td>Klaip\u0117dos<\/td>\n<td>77<\/td>\n<td>60<\/td>\n<\/tr>\n<tr>\n<td>Skuodas<\/td>\n<td>Klaip\u0117dos<\/td>\n<td>80<\/td>\n<td>72<\/td>\n<\/tr>\n<\/tbody>\n<\/table>\n<p>Pavyzdys su lentele \u201eoras\u201c. Stulpeliai yra <em>miestas, apskritis, didziausia, maziausia<\/em>. Stulepli\u0173\u00a0pavadinimai paprastai ra\u0161omi angl\u0173 kalbos alfabetu, t.y.\u00a0jose neturi b\u016bti tik lietuvi\u0161kos ab\u0117c\u0117l\u0117s raid\u017ei\u0173 kaip\u00a0<em>\u0105\u0119\u0117\u012f\u0173\u016b<\/em> ir pan.\u00a0\u00a0Eilut\u0117s laiko duomenis lentel\u0117je.<\/p>\n<p>&nbsp;<\/p>\n","protected":false},"excerpt":{"rendered":"<p>\u00a0Duomenys ar duomen\u0173 baz\u0117s informacija yra saugomi lentel\u0117se. Reliacin\u0117s duomen\u0173 baz\u0117 yra sudaryta i\u0161 vienos ar keletos lenteli\u0173. Lentel\u0117s yra atpa\u017e\u012fstamos pagal joms suteikt\u0105 vard\u0105. Jos sudarytos i\u0161 stulpeli\u0173 ir eilu\u010di\u0173. Stulpeliai turi savo vardus, kurie atskiria duomens tip\u0105. Eilut\u0117 laiko vieno duomens \u012fra\u0161\u0105. Lentel\u0117 &#8220;Oras&#8221;. miestas apskritis didziausia maziausia Vilnius Vilniaus 105 90 Trakai [&hellip;]<\/p>\n","protected":false},"author":1,"featured_media":0,"parent":2,"menu_order":2,"comment_status":"closed","ping_status":"closed","template":"","meta":{"footnotes":""},"class_list":["post-27","page","type-page","status-publish","hentry"],"_links":{"self":[{"href":"http:\/\/sql.programisius.lt\/index.php?rest_route=\/wp\/v2\/pages\/27","targetHints":{"allow":["GET"]}}],"collection":[{"href":"http:\/\/sql.programisius.lt\/index.php?rest_route=\/wp\/v2\/pages"}],"about":[{"href":"http:\/\/sql.programisius.lt\/index.php?rest_route=\/wp\/v2\/types\/page"}],"author":[{"embeddable":true,"href":"http:\/\/sql.programisius.lt\/index.php?rest_route=\/wp\/v2\/users\/1"}],"replies":[{"embeddable":true,"href":"http:\/\/sql.programisius.lt\/index.php?rest_route=%2Fwp%2Fv2%2Fcomments&post=27"}],"version-history":[{"count":2,"href":"http:\/\/sql.programisius.lt\/index.php?rest_route=\/wp\/v2\/pages\/27\/revisions"}],"predecessor-version":[{"id":29,"href":"http:\/\/sql.programisius.lt\/index.php?rest_route=\/wp\/v2\/pages\/27\/revisions\/29"}],"up":[{"embeddable":true,"href":"http:\/\/sql.programisius.lt\/index.php?rest_route=\/wp\/v2\/pages\/2"}],"wp:attachment":[{"href":"http:\/\/sql.programisius.lt\/index.php?rest_route=%2Fwp%2Fv2%2Fmedia&parent=27"}],"curies":[{"name":"wp","href":"https:\/\/api.w.org\/{rel}","templated":true}]}}