{"id":166,"date":"2011-10-02T15:50:38","date_gmt":"2011-10-02T15:50:38","guid":{"rendered":"http:\/\/sql.programisius.lt\/?page_id=166"},"modified":"2011-10-02T15:50:38","modified_gmt":"2011-10-02T15:50:38","slug":"7-rezultatai-tarpe%e2%80%a6","status":"publish","type":"page","link":"http:\/\/sql.programisius.lt\/?page_id=166","title":{"rendered":"7. Rezultatai tarpe\u2026"},"content":{"rendered":"<p>1.<\/p>\n<blockquote><p>SELECT uzsakymo_laikas, preke, kaina FROM uzsakymu_sarasas WHERE kaina BETWEEN 10.00 AND 80.00;<\/p><\/blockquote>\n<p>2.<\/p>\n<blockquote><p>SELECT vardas, pavarde, miestas FROM klientai WHERE rajonas\u00a0 IN (&#8216;Vilniaus&#8217;, &#8216;Ma\u017eeiki\u0173&#8217;,&#8217;Klaip\u0117dos&#8217;);<\/p><\/blockquote>\n","protected":false},"excerpt":{"rendered":"<p>1. SELECT uzsakymo_laikas, preke, kaina FROM uzsakymu_sarasas WHERE kaina BETWEEN 10.00 AND 80.00; 2. SELECT vardas, pavarde, miestas FROM klientai WHERE rajonas\u00a0 IN (&#8216;Vilniaus&#8217;, &#8216;Ma\u017eeiki\u0173&#8217;,&#8217;Klaip\u0117dos&#8217;);<\/p>\n","protected":false},"author":1,"featured_media":0,"parent":117,"menu_order":7,"comment_status":"closed","ping_status":"closed","template":"","meta":{"footnotes":""},"class_list":["post-166","page","type-page","status-publish","hentry"],"_links":{"self":[{"href":"http:\/\/sql.programisius.lt\/index.php?rest_route=\/wp\/v2\/pages\/166","targetHints":{"allow":["GET"]}}],"collection":[{"href":"http:\/\/sql.programisius.lt\/index.php?rest_route=\/wp\/v2\/pages"}],"about":[{"href":"http:\/\/sql.programisius.lt\/index.php?rest_route=\/wp\/v2\/types\/page"}],"author":[{"embeddable":true,"href":"http:\/\/sql.programisius.lt\/index.php?rest_route=\/wp\/v2\/users\/1"}],"replies":[{"embeddable":true,"href":"http:\/\/sql.programisius.lt\/index.php?rest_route=%2Fwp%2Fv2%2Fcomments&post=166"}],"version-history":[{"count":1,"href":"http:\/\/sql.programisius.lt\/index.php?rest_route=\/wp\/v2\/pages\/166\/revisions"}],"predecessor-version":[{"id":167,"href":"http:\/\/sql.programisius.lt\/index.php?rest_route=\/wp\/v2\/pages\/166\/revisions\/167"}],"up":[{"embeddable":true,"href":"http:\/\/sql.programisius.lt\/index.php?rest_route=\/wp\/v2\/pages\/117"}],"wp:attachment":[{"href":"http:\/\/sql.programisius.lt\/index.php?rest_route=%2Fwp%2Fv2%2Fmedia&parent=166"}],"curies":[{"name":"wp","href":"https:\/\/api.w.org\/{rel}","templated":true}]}}