{"id":13,"date":"2011-09-26T08:29:35","date_gmt":"2011-09-26T08:29:35","guid":{"rendered":"http:\/\/sql.programisius.lt\/?page_id=13"},"modified":"2011-11-03T09:21:37","modified_gmt":"2011-11-03T09:21:37","slug":"detalesni-gebejimai","status":"publish","type":"page","link":"http:\/\/sql.programisius.lt\/?page_id=13","title":{"rendered":"II. Detalesni SQL geb\u0117jimai"},"content":{"rendered":"<p>\u0160i kurso dalis skirta detalesn\u0117ms SQL \u017einioms \u012fgyti, kurios<br \/>\nsusijusios su SELECT u\u017eklausomis. SQL pagrindas yra SELECT u\u017eklausos, nes su<br \/>\njomis galima i\u0161traukti i\u0161 duomen\u0173 baz\u0117s b\u016btin\u0105 informacij\u0105, bei nuo jos<br \/>\npriklauso koks bus rezultato vienareik\u0161mi\u0161kumas. Kuriant SQL kalboje SELECT<br \/>\nu\u017eklausas, yra labai naudinga jau \u017einoti i\u0161 anksto kokios turimos galimyb\u0117s ar<br \/>\nkoks yra pats efektyviausias b\u016bdas. \u0160ios pamokos skirtos detalesniam suvokimui<br \/>\napie tai, kokios yra pa\u010dios papras\u010diausios galimyb\u0117s.<\/p>\n<p>Rekomenduojame pirmiausia i\u0161mokti SQL pagrindus i\u0161 \u201eSQL<br \/>\npagrind\u0173\u201c, nes dabar b\u016bsian\u010dios pamokos yra t\u0119stin\u0117s pastar\u0173j\u0173.\u00a0 Beje, pamokose SQL interpretatorius<br \/>\nvykdys tik SELECT u\u017eklausas.<\/p>\n","protected":false},"excerpt":{"rendered":"<p>\u0160i kurso dalis skirta detalesn\u0117ms SQL \u017einioms \u012fgyti, kurios susijusios su SELECT u\u017eklausomis. SQL pagrindas yra SELECT u\u017eklausos, nes su jomis galima i\u0161traukti i\u0161 duomen\u0173 baz\u0117s b\u016btin\u0105 informacij\u0105, bei nuo jos priklauso koks bus rezultato vienareik\u0161mi\u0161kumas. Kuriant SQL kalboje SELECT u\u017eklausas, yra labai naudinga jau \u017einoti i\u0161 anksto kokios turimos galimyb\u0117s ar koks yra pats [&hellip;]<\/p>\n","protected":false},"author":1,"featured_media":0,"parent":0,"menu_order":3,"comment_status":"open","ping_status":"open","template":"","meta":{"footnotes":""},"class_list":["post-13","page","type-page","status-publish","hentry"],"_links":{"self":[{"href":"http:\/\/sql.programisius.lt\/index.php?rest_route=\/wp\/v2\/pages\/13","targetHints":{"allow":["GET"]}}],"collection":[{"href":"http:\/\/sql.programisius.lt\/index.php?rest_route=\/wp\/v2\/pages"}],"about":[{"href":"http:\/\/sql.programisius.lt\/index.php?rest_route=\/wp\/v2\/types\/page"}],"author":[{"embeddable":true,"href":"http:\/\/sql.programisius.lt\/index.php?rest_route=\/wp\/v2\/users\/1"}],"replies":[{"embeddable":true,"href":"http:\/\/sql.programisius.lt\/index.php?rest_route=%2Fwp%2Fv2%2Fcomments&post=13"}],"version-history":[{"count":8,"href":"http:\/\/sql.programisius.lt\/index.php?rest_route=\/wp\/v2\/pages\/13\/revisions"}],"predecessor-version":[{"id":77,"href":"http:\/\/sql.programisius.lt\/index.php?rest_route=\/wp\/v2\/pages\/13\/revisions\/77"}],"wp:attachment":[{"href":"http:\/\/sql.programisius.lt\/index.php?rest_route=%2Fwp%2Fv2%2Fmedia&parent=13"}],"curies":[{"name":"wp","href":"https:\/\/api.w.org\/{rel}","templated":true}]}}