{"id":117,"date":"2011-10-02T11:40:33","date_gmt":"2011-10-02T11:40:33","guid":{"rendered":"http:\/\/sql.programisius.lt\/?page_id=117"},"modified":"2011-10-02T11:41:49","modified_gmt":"2011-10-02T11:41:49","slug":"detalesni-sql-gebejimai","status":"publish","type":"page","link":"http:\/\/sql.programisius.lt\/?page_id=117","title":{"rendered":"SQL geb\u0117jimai >"},"content":{"rendered":"<p>Atsakymai \u012f u\u017eduo\u010di\u0173 i\u0161 &#8220;Detalesni SQL geb\u0117jimai&#8221;.<\/p>\n","protected":false},"excerpt":{"rendered":"<p>Atsakymai \u012f u\u017eduo\u010di\u0173 i\u0161 &#8220;Detalesni SQL geb\u0117jimai&#8221;.<\/p>\n","protected":false},"author":1,"featured_media":0,"parent":112,"menu_order":2,"comment_status":"closed","ping_status":"closed","template":"","meta":{"footnotes":""},"class_list":["post-117","page","type-page","status-publish","hentry"],"_links":{"self":[{"href":"http:\/\/sql.programisius.lt\/index.php?rest_route=\/wp\/v2\/pages\/117","targetHints":{"allow":["GET"]}}],"collection":[{"href":"http:\/\/sql.programisius.lt\/index.php?rest_route=\/wp\/v2\/pages"}],"about":[{"href":"http:\/\/sql.programisius.lt\/index.php?rest_route=\/wp\/v2\/types\/page"}],"author":[{"embeddable":true,"href":"http:\/\/sql.programisius.lt\/index.php?rest_route=\/wp\/v2\/users\/1"}],"replies":[{"embeddable":true,"href":"http:\/\/sql.programisius.lt\/index.php?rest_route=%2Fwp%2Fv2%2Fcomments&post=117"}],"version-history":[{"count":3,"href":"http:\/\/sql.programisius.lt\/index.php?rest_route=\/wp\/v2\/pages\/117\/revisions"}],"predecessor-version":[{"id":123,"href":"http:\/\/sql.programisius.lt\/index.php?rest_route=\/wp\/v2\/pages\/117\/revisions\/123"}],"up":[{"embeddable":true,"href":"http:\/\/sql.programisius.lt\/index.php?rest_route=\/wp\/v2\/pages\/112"}],"wp:attachment":[{"href":"http:\/\/sql.programisius.lt\/index.php?rest_route=%2Fwp%2Fv2%2Fmedia&parent=117"}],"curies":[{"name":"wp","href":"https:\/\/api.w.org\/{rel}","templated":true}]}}